{"id":25392,"date":"2020-02-11T15:39:55","date_gmt":"2020-02-11T15:39:55","guid":{"rendered":"https:\/\/workingfor.net\/redapple\/red\/?page_id=25392"},"modified":"2025-05-09T13:20:14","modified_gmt":"2025-05-09T13:20:14","slug":"adv","status":"publish","type":"page","link":"https:\/\/www.red-apple.it\/en\/servizi-agenzia-di-comunicazione\/comunicazione-offline\/adv\/","title":{"rendered":"Advertising"},"content":{"rendered":"<div data-elementor-type=\"wp-post\" data-elementor-id=\"25392\" class=\"elementor elementor-25392\" data-elementor-post-type=\"page\">\n\t\t\t\t\t\t<section class=\"elementor-section elementor-top-section elementor-element elementor-element-9473475 sezione-pd elementor-section-boxed elementor-section-height-default elementor-section-height-default neuron-fixed-no\" data-id=\"9473475\" data-element_type=\"section\" data-e-type=\"section\">\n\t\t\t\t\t\t\t<div class=\"elementor-background-overlay\"><\/div>\n\t\t\t\t\t\t\t<div class=\"elementor-container elementor-column-gap-wide\">\n\t\t\t\t\t<div class=\"elementor-column elementor-col-100 elementor-top-column elementor-element elementor-element-104f839\" data-id=\"104f839\" data-element_type=\"column\" data-e-type=\"column\">\n\t\t\t<div class=\"elementor-widget-wrap elementor-element-populated\">\n\t\t\t\t\t\t<div class=\"elementor-element elementor-element-b85b827 elementor-widget elementor-widget-heading\" data-id=\"b85b827\" data-element_type=\"widget\" data-e-type=\"widget\" data-widget_type=\"heading.default\">\n\t\t\t\t<div class=\"elementor-widget-container\">\n\t\t\t\t\t<h1 class=\"elementor-heading-title elementor-size-default\">ADVERTISING<\/h1>\t\t\t\t<\/div>\n\t\t\t\t<\/div>\n\t\t\t\t<div class=\"elementor-element elementor-element-f1268eb elementor-widget-divider--view-line elementor-widget elementor-widget-divider\" data-id=\"f1268eb\" data-element_type=\"widget\" data-e-type=\"widget\" data-widget_type=\"divider.default\">\n\t\t\t\t<div class=\"elementor-widget-container\">\n\t\t\t\t\t\t\t<div class=\"elementor-divider\">\n\t\t\t<span class=\"elementor-divider-separator\">\n\t\t\t\t\t\t<\/span>\n\t\t<\/div>\n\t\t\t\t\t\t<\/div>\n\t\t\t\t<\/div>\n\t\t\t\t<div class=\"elementor-element elementor-element-024366e sottotitolo-portfolio elementor-widget elementor-widget-text-editor\" data-id=\"024366e\" data-element_type=\"widget\" data-e-type=\"widget\" data-widget_type=\"text-editor.default\">\n\t\t\t\t<div class=\"elementor-widget-container\">\n\t\t\t\t\t\t\t\t\t<h2>Translating the promise that the product or service makes to the consumer into an idea.<\/h2>\t\t\t\t\t\t\t\t<\/div>\n\t\t\t\t<\/div>\n\t\t\t\t<div class=\"elementor-element elementor-element-677b745 elementor-widget elementor-widget-text-editor\" data-id=\"677b745\" data-element_type=\"widget\" data-e-type=\"widget\" data-widget_type=\"text-editor.default\">\n\t\t\t\t<div class=\"elementor-widget-container\">\n\t\t\t\t\t\t\t\t\t<div class=\"\"><p class=\"p1\">There is very little time spent on the enjoyment of an ADV page, and in the welter of today's media storm to turn out to be interesting is really hard.<br \/>That said, it must be said that today the power of advertising can be truly boundless; however, it turns out that it is necessary to create an effective message, and to do so it is useful to know the basic mechanisms that govern the human mind. <br \/>How then to capture a user's attention? How to try to excite someone through an image and a few simple words? What colors and terms to choose? Originality, surprise and persuasion to action are the answers.<br \/>Certainly, colors are capable of triggering emotional responses just as some words are perceived positively over others....<br \/>A skillful mix of these elements defines the ideal ADV ad. <strong>Today, thanks to multichannel communication, ADV enjoys much greater power; therefore, it is necessary to allocate resources to this activity that can generate results far beyond expectations.\u00a0 <\/strong>\u00a0 \u00a0 \u00a0 \u00a0 \u00a0 \u00a0 \u00a0 \u00a0 \u00a0 \u00a0 \u00a0 \u00a0 \u00a0 \u00a0 \u00a0 \u00a0 \u00a0 \u00a0 \u00a0 \u00a0 \u00a0 \u00a0<\/p><\/div>\t\t\t\t\t\t\t\t<\/div>\n\t\t\t\t<\/div>\n\t\t\t\t<div class=\"elementor-element elementor-element-bb3888f elementor-widget elementor-widget-image\" data-id=\"bb3888f\" data-element_type=\"widget\" data-e-type=\"widget\" data-widget_type=\"image.default\">\n\t\t\t\t<div class=\"elementor-widget-container\">\n\t\t\t\t\t\t\t\t\t\t\t\t\t\t\t<img decoding=\"async\" src=\"https:\/\/www.red-apple.it\/wp-content\/uploads\/2021\/07\/adv_servizi-red.jpg\" title=\"adv_services-red\" alt=\"adv_services-red\" loading=\"lazy\" \/>\t\t\t\t\t\t\t\t\t\t\t\t\t\t\t<\/div>\n\t\t\t\t<\/div>\n\t\t\t\t\t<\/div>\n\t\t<\/div>\n\t\t\t\t\t<\/div>\n\t\t<\/section>\n\t\t\t\t<section class=\"elementor-section elementor-top-section elementor-element elementor-element-f01bd05 elementor-section-boxed elementor-section-height-default elementor-section-height-default neuron-fixed-no\" data-id=\"f01bd05\" data-element_type=\"section\" data-e-type=\"section\">\n\t\t\t\t\t\t<div class=\"elementor-container elementor-column-gap-default\">\n\t\t\t\t\t<div class=\"elementor-column elementor-col-100 elementor-top-column elementor-element elementor-element-c352ad2\" data-id=\"c352ad2\" data-element_type=\"column\" data-e-type=\"column\">\n\t\t\t<div class=\"elementor-widget-wrap elementor-element-populated\">\n\t\t\t\t\t\t<div class=\"elementor-element elementor-element-abfe813 elementor-widget elementor-widget-html\" data-id=\"abfe813\" data-element_type=\"widget\" data-e-type=\"widget\" data-widget_type=\"html.default\">\n\t\t\t\t<div class=\"elementor-widget-container\">\n\t\t\t\t\t<a href=\"\/en\/communication-agency-contacts\/#form-contatti\">\r\n<div class=\"sticky-prev\">\r\n<div class=\"ico-prev\"><img decoding=\"async\" src=\"\/wp-content\/uploads\/2020\/11\/contattaci.png\" border=\"0\" \/><\/div>\r\n<div class=\"lbl-richiedi-prev\">request more information<\/div>\r\n<\/div>\r\n<\/a>\t\t\t\t<\/div>\n\t\t\t\t<\/div>\n\t\t\t\t\t<\/div>\n\t\t<\/div>\n\t\t\t\t\t<\/div>\n\t\t<\/section>\n\t\t\t\t<\/div>","protected":false},"excerpt":{"rendered":"<p>ADVERTISING tradurre in idea la promessa che il prodotto o il servizio fa al consumatore. Il tempo che&#8230;<\/p>","protected":false},"author":2,"featured_media":0,"parent":22310,"menu_order":72,"comment_status":"closed","ping_status":"closed","template":"","meta":{"_acf_changed":false,"footnotes":""},"class_list":["post-25392","page","type-page","status-publish","hentry"],"acf":[],"yoast_head":"<!-- This site is optimized with the Yoast SEO plugin v27.4 - https:\/\/yoast.com\/product\/yoast-seo-wordpress\/ -->\n<title>ADV offline: pubblicit\u00e0 che impatta<\/title>\n<meta name=\"description\" content=\"Advertising: ADV, la pubblicit\u00e0 \u00e8 l&#039;anima del commercio! Creiamo campagne pubblicitarie originali e funzionali, in linea con l&#039;immagine coordinata aziendale\" \/>\n<meta name=\"robots\" content=\"index, follow, max-snippet:-1, max-image-preview:large, max-video-preview:-1\" \/>\n<link rel=\"canonical\" href=\"https:\/\/www.red-apple.it\/en\/communication-agency-services\/offline-communication-2\/adv\/\" \/>\n<meta property=\"og:locale\" content=\"en_US\" \/>\n<meta property=\"og:type\" content=\"article\" \/>\n<meta property=\"og:title\" content=\"ADV offline: pubblicit\u00e0 che impatta\" \/>\n<meta property=\"og:description\" content=\"Advertising: ADV, la pubblicit\u00e0 \u00e8 l&#039;anima del commercio! Creiamo campagne pubblicitarie originali e funzionali, in linea con l&#039;immagine coordinata aziendale\" \/>\n<meta property=\"og:url\" content=\"https:\/\/www.red-apple.it\/en\/communication-agency-services\/offline-communication-2\/adv\/\" \/>\n<meta property=\"og:site_name\" content=\"Red Apple\" \/>\n<meta property=\"article:modified_time\" content=\"2025-05-09T13:20:14+00:00\" \/>\n<meta name=\"twitter:card\" content=\"summary_large_image\" \/>\n<meta name=\"twitter:label1\" content=\"Est. reading time\" \/>\n\t<meta name=\"twitter:data1\" content=\"2 minutes\" \/>\n<script type=\"application\/ld+json\" class=\"yoast-schema-graph\">{\"@context\":\"https:\\\/\\\/schema.org\",\"@graph\":[{\"@type\":\"WebPage\",\"@id\":\"https:\\\/\\\/www.red-apple.it\\\/servizi-agenzia-di-comunicazione\\\/comunicazione-offline\\\/adv\\\/\",\"url\":\"https:\\\/\\\/www.red-apple.it\\\/servizi-agenzia-di-comunicazione\\\/comunicazione-offline\\\/adv\\\/\",\"name\":\"ADV offline: pubblicit\u00e0 che impatta\",\"isPartOf\":{\"@id\":\"https:\\\/\\\/www.red-apple.it\\\/#website\"},\"primaryImageOfPage\":{\"@id\":\"https:\\\/\\\/www.red-apple.it\\\/servizi-agenzia-di-comunicazione\\\/comunicazione-offline\\\/adv\\\/#primaryimage\"},\"image\":{\"@id\":\"https:\\\/\\\/www.red-apple.it\\\/servizi-agenzia-di-comunicazione\\\/comunicazione-offline\\\/adv\\\/#primaryimage\"},\"thumbnailUrl\":\"https:\\\/\\\/www.red-apple.it\\\/wp-content\\\/uploads\\\/2021\\\/07\\\/adv_servizi-red.jpg\",\"datePublished\":\"2020-02-11T15:39:55+00:00\",\"dateModified\":\"2025-05-09T13:20:14+00:00\",\"description\":\"Advertising: ADV, la pubblicit\u00e0 \u00e8 l'anima del commercio! Creiamo campagne pubblicitarie originali e funzionali, in linea con l'immagine coordinata aziendale\",\"breadcrumb\":{\"@id\":\"https:\\\/\\\/www.red-apple.it\\\/servizi-agenzia-di-comunicazione\\\/comunicazione-offline\\\/adv\\\/#breadcrumb\"},\"inLanguage\":\"en-US\",\"potentialAction\":[{\"@type\":\"ReadAction\",\"target\":[\"https:\\\/\\\/www.red-apple.it\\\/servizi-agenzia-di-comunicazione\\\/comunicazione-offline\\\/adv\\\/\"]}]},{\"@type\":\"ImageObject\",\"inLanguage\":\"en-US\",\"@id\":\"https:\\\/\\\/www.red-apple.it\\\/servizi-agenzia-di-comunicazione\\\/comunicazione-offline\\\/adv\\\/#primaryimage\",\"url\":\"https:\\\/\\\/www.red-apple.it\\\/wp-content\\\/uploads\\\/2021\\\/07\\\/adv_servizi-red.jpg\",\"contentUrl\":\"https:\\\/\\\/www.red-apple.it\\\/wp-content\\\/uploads\\\/2021\\\/07\\\/adv_servizi-red.jpg\"},{\"@type\":\"BreadcrumbList\",\"@id\":\"https:\\\/\\\/www.red-apple.it\\\/servizi-agenzia-di-comunicazione\\\/comunicazione-offline\\\/adv\\\/#breadcrumb\",\"itemListElement\":[{\"@type\":\"ListItem\",\"position\":1,\"name\":\"Home\",\"item\":\"https:\\\/\\\/www.red-apple.it\\\/\"},{\"@type\":\"ListItem\",\"position\":2,\"name\":\"Servizi\",\"item\":\"https:\\\/\\\/www.red-apple.it\\\/servizi-agenzia-di-comunicazione\\\/\"},{\"@type\":\"ListItem\",\"position\":3,\"name\":\"Off Line\",\"item\":\"https:\\\/\\\/www.red-apple.it\\\/servizi-agenzia-di-comunicazione\\\/comunicazione-offline\\\/\"},{\"@type\":\"ListItem\",\"position\":4,\"name\":\"Advertising\"}]},{\"@type\":\"WebSite\",\"@id\":\"https:\\\/\\\/www.red-apple.it\\\/#website\",\"url\":\"https:\\\/\\\/www.red-apple.it\\\/\",\"name\":\"Red Apple\",\"description\":\"International Advertising\",\"publisher\":{\"@id\":\"https:\\\/\\\/www.red-apple.it\\\/#organization\"},\"potentialAction\":[{\"@type\":\"SearchAction\",\"target\":{\"@type\":\"EntryPoint\",\"urlTemplate\":\"https:\\\/\\\/www.red-apple.it\\\/?s={search_term_string}\"},\"query-input\":{\"@type\":\"PropertyValueSpecification\",\"valueRequired\":true,\"valueName\":\"search_term_string\"}}],\"inLanguage\":\"en-US\"},{\"@type\":\"Organization\",\"@id\":\"https:\\\/\\\/www.red-apple.it\\\/#organization\",\"name\":\"Red Apple\",\"url\":\"https:\\\/\\\/www.red-apple.it\\\/\",\"logo\":{\"@type\":\"ImageObject\",\"inLanguage\":\"en-US\",\"@id\":\"https:\\\/\\\/www.red-apple.it\\\/#\\\/schema\\\/logo\\\/image\\\/\",\"url\":\"https:\\\/\\\/www.red-apple.it\\\/wp-content\\\/uploads\\\/2019\\\/05\\\/RED_ADV-ASSO-DPO-2019-210-X-260.png\",\"contentUrl\":\"https:\\\/\\\/www.red-apple.it\\\/wp-content\\\/uploads\\\/2019\\\/05\\\/RED_ADV-ASSO-DPO-2019-210-X-260.png\",\"width\":766,\"height\":266,\"caption\":\"Red Apple\"},\"image\":{\"@id\":\"https:\\\/\\\/www.red-apple.it\\\/#\\\/schema\\\/logo\\\/image\\\/\"}}]}<\/script>\n<!-- \/ Yoast SEO plugin. -->","yoast_head_json":{"title":"Offline ADV: Advertising That Makes Impact","description":"Advertising: ADV, advertising is the soul of commerce! We create original and functional advertising campaigns in line with the corporate corporate identity","robots":{"index":"index","follow":"follow","max-snippet":"max-snippet:-1","max-image-preview":"max-image-preview:large","max-video-preview":"max-video-preview:-1"},"canonical":"https:\/\/www.red-apple.it\/en\/communication-agency-services\/offline-communication-2\/adv\/","og_locale":"en_US","og_type":"article","og_title":"ADV offline: pubblicit\u00e0 che impatta","og_description":"Advertising: ADV, la pubblicit\u00e0 \u00e8 l'anima del commercio! Creiamo campagne pubblicitarie originali e funzionali, in linea con l'immagine coordinata aziendale","og_url":"https:\/\/www.red-apple.it\/en\/communication-agency-services\/offline-communication-2\/adv\/","og_site_name":"Red Apple","article_modified_time":"2025-05-09T13:20:14+00:00","twitter_card":"summary_large_image","twitter_misc":{"Est. reading time":"2 minutes"},"schema":{"@context":"https:\/\/schema.org","@graph":[{"@type":"WebPage","@id":"https:\/\/www.red-apple.it\/servizi-agenzia-di-comunicazione\/comunicazione-offline\/adv\/","url":"https:\/\/www.red-apple.it\/servizi-agenzia-di-comunicazione\/comunicazione-offline\/adv\/","name":"Offline ADV: Advertising That Makes Impact","isPartOf":{"@id":"https:\/\/www.red-apple.it\/#website"},"primaryImageOfPage":{"@id":"https:\/\/www.red-apple.it\/servizi-agenzia-di-comunicazione\/comunicazione-offline\/adv\/#primaryimage"},"image":{"@id":"https:\/\/www.red-apple.it\/servizi-agenzia-di-comunicazione\/comunicazione-offline\/adv\/#primaryimage"},"thumbnailUrl":"https:\/\/www.red-apple.it\/wp-content\/uploads\/2021\/07\/adv_servizi-red.jpg","datePublished":"2020-02-11T15:39:55+00:00","dateModified":"2025-05-09T13:20:14+00:00","description":"Advertising: ADV, advertising is the soul of commerce! We create original and functional advertising campaigns in line with the corporate corporate identity","breadcrumb":{"@id":"https:\/\/www.red-apple.it\/servizi-agenzia-di-comunicazione\/comunicazione-offline\/adv\/#breadcrumb"},"inLanguage":"en-US","potentialAction":[{"@type":"ReadAction","target":["https:\/\/www.red-apple.it\/servizi-agenzia-di-comunicazione\/comunicazione-offline\/adv\/"]}]},{"@type":"ImageObject","inLanguage":"en-US","@id":"https:\/\/www.red-apple.it\/servizi-agenzia-di-comunicazione\/comunicazione-offline\/adv\/#primaryimage","url":"https:\/\/www.red-apple.it\/wp-content\/uploads\/2021\/07\/adv_servizi-red.jpg","contentUrl":"https:\/\/www.red-apple.it\/wp-content\/uploads\/2021\/07\/adv_servizi-red.jpg"},{"@type":"BreadcrumbList","@id":"https:\/\/www.red-apple.it\/servizi-agenzia-di-comunicazione\/comunicazione-offline\/adv\/#breadcrumb","itemListElement":[{"@type":"ListItem","position":1,"name":"Home","item":"https:\/\/www.red-apple.it\/"},{"@type":"ListItem","position":2,"name":"Servizi","item":"https:\/\/www.red-apple.it\/servizi-agenzia-di-comunicazione\/"},{"@type":"ListItem","position":3,"name":"Off Line","item":"https:\/\/www.red-apple.it\/servizi-agenzia-di-comunicazione\/comunicazione-offline\/"},{"@type":"ListItem","position":4,"name":"Advertising"}]},{"@type":"WebSite","@id":"https:\/\/www.red-apple.it\/#website","url":"https:\/\/www.red-apple.it\/","name":"Red Apple","description":"International Advertising","publisher":{"@id":"https:\/\/www.red-apple.it\/#organization"},"potentialAction":[{"@type":"SearchAction","target":{"@type":"EntryPoint","urlTemplate":"https:\/\/www.red-apple.it\/?s={search_term_string}"},"query-input":{"@type":"PropertyValueSpecification","valueRequired":true,"valueName":"search_term_string"}}],"inLanguage":"en-US"},{"@type":"Organization","@id":"https:\/\/www.red-apple.it\/#organization","name":"Red Apple","url":"https:\/\/www.red-apple.it\/","logo":{"@type":"ImageObject","inLanguage":"en-US","@id":"https:\/\/www.red-apple.it\/#\/schema\/logo\/image\/","url":"https:\/\/www.red-apple.it\/wp-content\/uploads\/2019\/05\/RED_ADV-ASSO-DPO-2019-210-X-260.png","contentUrl":"https:\/\/www.red-apple.it\/wp-content\/uploads\/2019\/05\/RED_ADV-ASSO-DPO-2019-210-X-260.png","width":766,"height":266,"caption":"Red Apple"},"image":{"@id":"https:\/\/www.red-apple.it\/#\/schema\/logo\/image\/"}}]}},"_links":{"self":[{"href":"https:\/\/www.red-apple.it\/en\/wp-json\/wp\/v2\/pages\/25392","targetHints":{"allow":["GET"]}}],"collection":[{"href":"https:\/\/www.red-apple.it\/en\/wp-json\/wp\/v2\/pages"}],"about":[{"href":"https:\/\/www.red-apple.it\/en\/wp-json\/wp\/v2\/types\/page"}],"author":[{"embeddable":true,"href":"https:\/\/www.red-apple.it\/en\/wp-json\/wp\/v2\/users\/2"}],"replies":[{"embeddable":true,"href":"https:\/\/www.red-apple.it\/en\/wp-json\/wp\/v2\/comments?post=25392"}],"version-history":[{"count":0,"href":"https:\/\/www.red-apple.it\/en\/wp-json\/wp\/v2\/pages\/25392\/revisions"}],"up":[{"embeddable":true,"href":"https:\/\/www.red-apple.it\/en\/wp-json\/wp\/v2\/pages\/22310"}],"wp:attachment":[{"href":"https:\/\/www.red-apple.it\/en\/wp-json\/wp\/v2\/media?parent=25392"}],"curies":[{"name":"wp","href":"https:\/\/api.w.org\/{rel}","templated":true}]}}