{"id":25638,"date":"2020-02-14T14:29:57","date_gmt":"2020-02-14T14:29:57","guid":{"rendered":"https:\/\/workingfor.net\/redapple\/red\/?page_id=25638"},"modified":"2025-03-25T06:58:23","modified_gmt":"2025-03-25T06:58:23","slug":"photo-render","status":"publish","type":"page","link":"https:\/\/www.red-apple.it\/en\/servizi-agenzia-di-comunicazione\/photo-video\/photo-render\/","title":{"rendered":"Photo render"},"content":{"rendered":"<div data-elementor-type=\"wp-post\" data-elementor-id=\"25638\" class=\"elementor elementor-25638\" data-elementor-post-type=\"page\">\n\t\t\t\t\t\t<section class=\"elementor-section elementor-top-section elementor-element elementor-element-9473475 sezione-pd elementor-section-boxed elementor-section-height-default elementor-section-height-default neuron-fixed-no\" data-id=\"9473475\" data-element_type=\"section\" data-e-type=\"section\">\n\t\t\t\t\t\t\t<div class=\"elementor-background-overlay\"><\/div>\n\t\t\t\t\t\t\t<div class=\"elementor-container elementor-column-gap-wide\">\n\t\t\t\t\t<div class=\"elementor-column elementor-col-100 elementor-top-column elementor-element elementor-element-104f839\" data-id=\"104f839\" data-element_type=\"column\" data-e-type=\"column\">\n\t\t\t<div class=\"elementor-widget-wrap elementor-element-populated\">\n\t\t\t\t\t\t<div class=\"elementor-element elementor-element-b85b827 elementor-widget elementor-widget-heading\" data-id=\"b85b827\" data-element_type=\"widget\" data-e-type=\"widget\" data-widget_type=\"heading.default\">\n\t\t\t\t<div class=\"elementor-widget-container\">\n\t\t\t\t\t<h1 class=\"elementor-heading-title elementor-size-default\">PHOTO RENDER.<\/h1>\t\t\t\t<\/div>\n\t\t\t\t<\/div>\n\t\t\t\t<div class=\"elementor-element elementor-element-f1268eb elementor-widget-divider--view-line elementor-widget elementor-widget-divider\" data-id=\"f1268eb\" data-element_type=\"widget\" data-e-type=\"widget\" data-widget_type=\"divider.default\">\n\t\t\t\t<div class=\"elementor-widget-container\">\n\t\t\t\t\t\t\t<div class=\"elementor-divider\">\n\t\t\t<span class=\"elementor-divider-separator\">\n\t\t\t\t\t\t<\/span>\n\t\t<\/div>\n\t\t\t\t\t\t<\/div>\n\t\t\t\t<\/div>\n\t\t\t\t<div class=\"elementor-element elementor-element-024366e sottotitolo-portfolio elementor-widget elementor-widget-text-editor\" data-id=\"024366e\" data-element_type=\"widget\" data-e-type=\"widget\" data-widget_type=\"text-editor.default\">\n\t\t\t\t<div class=\"elementor-widget-container\">\n\t\t\t\t\t\t\t\t\t<p>Going beyond what is visible, creating a verisimilar parallel reality\u00a0<\/p>\t\t\t\t\t\t\t\t<\/div>\n\t\t\t\t<\/div>\n\t\t\t\t<div class=\"elementor-element elementor-element-677b745 elementor-widget elementor-widget-text-editor\" data-id=\"677b745\" data-element_type=\"widget\" data-e-type=\"widget\" data-widget_type=\"text-editor.default\">\n\t\t\t\t<div class=\"elementor-widget-container\">\n\t\t\t\t\t\t\t\t\t<p>This sophisticated technology has achieved unquestionable quality, making you able to obtain an extremely realistic artificial image from a model. Rendering creates a kind of virtual reality through which you can show and understand the different parts of even a complex product or system giving you the ability to bend reality to your will. Thanks to renders you can cut down the production costs of your product shots, as well as being able to take care of the 'environment of the shot in the smallest details by sculpting it to your taste.<\/p>\t\t\t\t\t\t\t\t<\/div>\n\t\t\t\t<\/div>\n\t\t\t\t<div class=\"elementor-element elementor-element-8ca6b44 elementor-widget elementor-widget-image\" data-id=\"8ca6b44\" data-element_type=\"widget\" data-e-type=\"widget\" data-widget_type=\"image.default\">\n\t\t\t\t<div class=\"elementor-widget-container\">\n\t\t\t\t\t\t\t\t\t\t\t\t\t\t\t<img decoding=\"async\" src=\"https:\/\/www.red-apple.it\/wp-content\/uploads\/2021\/05\/Servizi_Photo_Render-scaled.jpg\" title=\"Services_Photo_Render\" alt=\"Una moderna linea di assemblaggio industriale per la lavorazione e il confezionamento degli alimenti, con macchine e nastri trasportatori in acciaio inox, in un ambiente industriale ampio e luminoso, perfetto per essere presentato da un&#039;Agenzia di Comunicazione come Red Apple.\" loading=\"lazy\" \/>\t\t\t\t\t\t\t\t\t\t\t\t\t\t\t<\/div>\n\t\t\t\t<\/div>\n\t\t\t\t\t<\/div>\n\t\t<\/div>\n\t\t\t\t\t<\/div>\n\t\t<\/section>\n\t\t\t\t<section class=\"elementor-section elementor-top-section elementor-element elementor-element-19ffda5 elementor-section-boxed elementor-section-height-default elementor-section-height-default neuron-fixed-no\" data-id=\"19ffda5\" data-element_type=\"section\" data-e-type=\"section\">\n\t\t\t\t\t\t<div class=\"elementor-container elementor-column-gap-default\">\n\t\t\t\t\t<div class=\"elementor-column elementor-col-100 elementor-top-column elementor-element elementor-element-7ec4584\" data-id=\"7ec4584\" data-element_type=\"column\" data-e-type=\"column\">\n\t\t\t<div class=\"elementor-widget-wrap elementor-element-populated\">\n\t\t\t\t\t\t<div class=\"elementor-element elementor-element-c5672d4 elementor-widget elementor-widget-html\" data-id=\"c5672d4\" data-element_type=\"widget\" data-e-type=\"widget\" data-widget_type=\"html.default\">\n\t\t\t\t<div class=\"elementor-widget-container\">\n\t\t\t\t\t<a href=\"\/en\/communication-agency-contacts\/#form-contatti\">\r\n<div class=\"sticky-prev\">\r\n<div class=\"ico-prev\"><img decoding=\"async\" src=\"\/wp-content\/uploads\/2020\/11\/contattaci.png\" border=\"0\" \/><\/div>\r\n<div class=\"lbl-richiedi-prev\">request more information<\/div>\r\n<\/div>\r\n<\/a>\t\t\t\t<\/div>\n\t\t\t\t<\/div>\n\t\t\t\t\t<\/div>\n\t\t<\/div>\n\t\t\t\t\t<\/div>\n\t\t<\/section>\n\t\t\t\t<\/div>","protected":false},"excerpt":{"rendered":"<p>PHOTO RENDER Andare oltre ci\u00f2 che \u00e8 visibile, creare una realt\u00e0 parallela verosimile\u00a0 Questa sofisticata tecnologia ha raggiunto&#8230;<\/p>","protected":false},"author":2,"featured_media":0,"parent":22317,"menu_order":47,"comment_status":"closed","ping_status":"closed","template":"","meta":{"_acf_changed":false,"footnotes":""},"class_list":["post-25638","page","type-page","status-publish","hentry"],"acf":[],"yoast_head":"<!-- This site is optimized with the Yoast SEO plugin v27.4 - https:\/\/yoast.com\/product\/yoast-seo-wordpress\/ -->\n<title>Photo render, rendering fotografico realistico | Red Apple<\/title>\n<meta name=\"description\" content=\"Photo render, rendering fotografico realistico per mostrare e comprendere le diverse parti di un prodotto o di un sistema anche complesso\" \/>\n<meta name=\"robots\" content=\"index, follow, max-snippet:-1, max-image-preview:large, max-video-preview:-1\" \/>\n<link rel=\"canonical\" href=\"https:\/\/www.red-apple.it\/en\/communication-agency-services\/photo-video\/photo-render\/\" \/>\n<meta property=\"og:locale\" content=\"en_US\" \/>\n<meta property=\"og:type\" content=\"article\" \/>\n<meta property=\"og:title\" content=\"Photo render, rendering fotografico realistico | Red Apple\" \/>\n<meta property=\"og:description\" content=\"Photo render, rendering fotografico realistico per mostrare e comprendere le diverse parti di un prodotto o di un sistema anche complesso\" \/>\n<meta property=\"og:url\" content=\"https:\/\/www.red-apple.it\/en\/communication-agency-services\/photo-video\/photo-render\/\" \/>\n<meta property=\"og:site_name\" content=\"Red Apple\" \/>\n<meta property=\"article:modified_time\" content=\"2025-03-25T06:58:23+00:00\" \/>\n<meta name=\"twitter:card\" content=\"summary_large_image\" \/>\n<meta name=\"twitter:label1\" content=\"Est. reading time\" \/>\n\t<meta name=\"twitter:data1\" content=\"1 minute\" \/>\n<script type=\"application\/ld+json\" class=\"yoast-schema-graph\">{\"@context\":\"https:\\\/\\\/schema.org\",\"@graph\":[{\"@type\":\"WebPage\",\"@id\":\"https:\\\/\\\/www.red-apple.it\\\/servizi-agenzia-di-comunicazione\\\/photo-video\\\/photo-render\\\/\",\"url\":\"https:\\\/\\\/www.red-apple.it\\\/servizi-agenzia-di-comunicazione\\\/photo-video\\\/photo-render\\\/\",\"name\":\"Photo render, rendering fotografico realistico | Red Apple\",\"isPartOf\":{\"@id\":\"https:\\\/\\\/www.red-apple.it\\\/#website\"},\"primaryImageOfPage\":{\"@id\":\"https:\\\/\\\/www.red-apple.it\\\/servizi-agenzia-di-comunicazione\\\/photo-video\\\/photo-render\\\/#primaryimage\"},\"image\":{\"@id\":\"https:\\\/\\\/www.red-apple.it\\\/servizi-agenzia-di-comunicazione\\\/photo-video\\\/photo-render\\\/#primaryimage\"},\"thumbnailUrl\":\"https:\\\/\\\/www.red-apple.it\\\/wp-content\\\/uploads\\\/2021\\\/05\\\/Servizi_Photo_Render-scaled.jpg\",\"datePublished\":\"2020-02-14T14:29:57+00:00\",\"dateModified\":\"2025-03-25T06:58:23+00:00\",\"description\":\"Photo render, rendering fotografico realistico per mostrare e comprendere le diverse parti di un prodotto o di un sistema anche complesso\",\"breadcrumb\":{\"@id\":\"https:\\\/\\\/www.red-apple.it\\\/servizi-agenzia-di-comunicazione\\\/photo-video\\\/photo-render\\\/#breadcrumb\"},\"inLanguage\":\"en-US\",\"potentialAction\":[{\"@type\":\"ReadAction\",\"target\":[\"https:\\\/\\\/www.red-apple.it\\\/servizi-agenzia-di-comunicazione\\\/photo-video\\\/photo-render\\\/\"]}]},{\"@type\":\"ImageObject\",\"inLanguage\":\"en-US\",\"@id\":\"https:\\\/\\\/www.red-apple.it\\\/servizi-agenzia-di-comunicazione\\\/photo-video\\\/photo-render\\\/#primaryimage\",\"url\":\"https:\\\/\\\/www.red-apple.it\\\/wp-content\\\/uploads\\\/2021\\\/05\\\/Servizi_Photo_Render-scaled.jpg\",\"contentUrl\":\"https:\\\/\\\/www.red-apple.it\\\/wp-content\\\/uploads\\\/2021\\\/05\\\/Servizi_Photo_Render-scaled.jpg\"},{\"@type\":\"BreadcrumbList\",\"@id\":\"https:\\\/\\\/www.red-apple.it\\\/servizi-agenzia-di-comunicazione\\\/photo-video\\\/photo-render\\\/#breadcrumb\",\"itemListElement\":[{\"@type\":\"ListItem\",\"position\":1,\"name\":\"Home\",\"item\":\"https:\\\/\\\/www.red-apple.it\\\/\"},{\"@type\":\"ListItem\",\"position\":2,\"name\":\"Servizi\",\"item\":\"https:\\\/\\\/www.red-apple.it\\\/servizi-agenzia-di-comunicazione\\\/\"},{\"@type\":\"ListItem\",\"position\":3,\"name\":\"Photo &#038; Video\",\"item\":\"https:\\\/\\\/www.red-apple.it\\\/servizi-agenzia-di-comunicazione\\\/photo-video\\\/\"},{\"@type\":\"ListItem\",\"position\":4,\"name\":\"Photo render\"}]},{\"@type\":\"WebSite\",\"@id\":\"https:\\\/\\\/www.red-apple.it\\\/#website\",\"url\":\"https:\\\/\\\/www.red-apple.it\\\/\",\"name\":\"Red Apple\",\"description\":\"International Advertising\",\"publisher\":{\"@id\":\"https:\\\/\\\/www.red-apple.it\\\/#organization\"},\"potentialAction\":[{\"@type\":\"SearchAction\",\"target\":{\"@type\":\"EntryPoint\",\"urlTemplate\":\"https:\\\/\\\/www.red-apple.it\\\/?s={search_term_string}\"},\"query-input\":{\"@type\":\"PropertyValueSpecification\",\"valueRequired\":true,\"valueName\":\"search_term_string\"}}],\"inLanguage\":\"en-US\"},{\"@type\":\"Organization\",\"@id\":\"https:\\\/\\\/www.red-apple.it\\\/#organization\",\"name\":\"Red Apple\",\"url\":\"https:\\\/\\\/www.red-apple.it\\\/\",\"logo\":{\"@type\":\"ImageObject\",\"inLanguage\":\"en-US\",\"@id\":\"https:\\\/\\\/www.red-apple.it\\\/#\\\/schema\\\/logo\\\/image\\\/\",\"url\":\"https:\\\/\\\/www.red-apple.it\\\/wp-content\\\/uploads\\\/2019\\\/05\\\/RED_ADV-ASSO-DPO-2019-210-X-260.png\",\"contentUrl\":\"https:\\\/\\\/www.red-apple.it\\\/wp-content\\\/uploads\\\/2019\\\/05\\\/RED_ADV-ASSO-DPO-2019-210-X-260.png\",\"width\":766,\"height\":266,\"caption\":\"Red Apple\"},\"image\":{\"@id\":\"https:\\\/\\\/www.red-apple.it\\\/#\\\/schema\\\/logo\\\/image\\\/\"}}]}<\/script>\n<!-- \/ Yoast SEO plugin. -->","yoast_head_json":{"title":"Photo render, photo realistic rendering | Red Apple","description":"Photo render, photo realistic rendering to show and understand the different parts of even a complex product or system","robots":{"index":"index","follow":"follow","max-snippet":"max-snippet:-1","max-image-preview":"max-image-preview:large","max-video-preview":"max-video-preview:-1"},"canonical":"https:\/\/www.red-apple.it\/en\/communication-agency-services\/photo-video\/photo-render\/","og_locale":"en_US","og_type":"article","og_title":"Photo render, rendering fotografico realistico | Red Apple","og_description":"Photo render, rendering fotografico realistico per mostrare e comprendere le diverse parti di un prodotto o di un sistema anche complesso","og_url":"https:\/\/www.red-apple.it\/en\/communication-agency-services\/photo-video\/photo-render\/","og_site_name":"Red Apple","article_modified_time":"2025-03-25T06:58:23+00:00","twitter_card":"summary_large_image","twitter_misc":{"Est. reading time":"1 minute"},"schema":{"@context":"https:\/\/schema.org","@graph":[{"@type":"WebPage","@id":"https:\/\/www.red-apple.it\/servizi-agenzia-di-comunicazione\/photo-video\/photo-render\/","url":"https:\/\/www.red-apple.it\/servizi-agenzia-di-comunicazione\/photo-video\/photo-render\/","name":"Photo render, photo realistic rendering | Red Apple","isPartOf":{"@id":"https:\/\/www.red-apple.it\/#website"},"primaryImageOfPage":{"@id":"https:\/\/www.red-apple.it\/servizi-agenzia-di-comunicazione\/photo-video\/photo-render\/#primaryimage"},"image":{"@id":"https:\/\/www.red-apple.it\/servizi-agenzia-di-comunicazione\/photo-video\/photo-render\/#primaryimage"},"thumbnailUrl":"https:\/\/www.red-apple.it\/wp-content\/uploads\/2021\/05\/Servizi_Photo_Render-scaled.jpg","datePublished":"2020-02-14T14:29:57+00:00","dateModified":"2025-03-25T06:58:23+00:00","description":"Photo render, photo realistic rendering to show and understand the different parts of even a complex product or system","breadcrumb":{"@id":"https:\/\/www.red-apple.it\/servizi-agenzia-di-comunicazione\/photo-video\/photo-render\/#breadcrumb"},"inLanguage":"en-US","potentialAction":[{"@type":"ReadAction","target":["https:\/\/www.red-apple.it\/servizi-agenzia-di-comunicazione\/photo-video\/photo-render\/"]}]},{"@type":"ImageObject","inLanguage":"en-US","@id":"https:\/\/www.red-apple.it\/servizi-agenzia-di-comunicazione\/photo-video\/photo-render\/#primaryimage","url":"https:\/\/www.red-apple.it\/wp-content\/uploads\/2021\/05\/Servizi_Photo_Render-scaled.jpg","contentUrl":"https:\/\/www.red-apple.it\/wp-content\/uploads\/2021\/05\/Servizi_Photo_Render-scaled.jpg"},{"@type":"BreadcrumbList","@id":"https:\/\/www.red-apple.it\/servizi-agenzia-di-comunicazione\/photo-video\/photo-render\/#breadcrumb","itemListElement":[{"@type":"ListItem","position":1,"name":"Home","item":"https:\/\/www.red-apple.it\/"},{"@type":"ListItem","position":2,"name":"Servizi","item":"https:\/\/www.red-apple.it\/servizi-agenzia-di-comunicazione\/"},{"@type":"ListItem","position":3,"name":"Photo &#038; Video","item":"https:\/\/www.red-apple.it\/servizi-agenzia-di-comunicazione\/photo-video\/"},{"@type":"ListItem","position":4,"name":"Photo render"}]},{"@type":"WebSite","@id":"https:\/\/www.red-apple.it\/#website","url":"https:\/\/www.red-apple.it\/","name":"Red Apple","description":"International Advertising","publisher":{"@id":"https:\/\/www.red-apple.it\/#organization"},"potentialAction":[{"@type":"SearchAction","target":{"@type":"EntryPoint","urlTemplate":"https:\/\/www.red-apple.it\/?s={search_term_string}"},"query-input":{"@type":"PropertyValueSpecification","valueRequired":true,"valueName":"search_term_string"}}],"inLanguage":"en-US"},{"@type":"Organization","@id":"https:\/\/www.red-apple.it\/#organization","name":"Red Apple","url":"https:\/\/www.red-apple.it\/","logo":{"@type":"ImageObject","inLanguage":"en-US","@id":"https:\/\/www.red-apple.it\/#\/schema\/logo\/image\/","url":"https:\/\/www.red-apple.it\/wp-content\/uploads\/2019\/05\/RED_ADV-ASSO-DPO-2019-210-X-260.png","contentUrl":"https:\/\/www.red-apple.it\/wp-content\/uploads\/2019\/05\/RED_ADV-ASSO-DPO-2019-210-X-260.png","width":766,"height":266,"caption":"Red Apple"},"image":{"@id":"https:\/\/www.red-apple.it\/#\/schema\/logo\/image\/"}}]}},"_links":{"self":[{"href":"https:\/\/www.red-apple.it\/en\/wp-json\/wp\/v2\/pages\/25638","targetHints":{"allow":["GET"]}}],"collection":[{"href":"https:\/\/www.red-apple.it\/en\/wp-json\/wp\/v2\/pages"}],"about":[{"href":"https:\/\/www.red-apple.it\/en\/wp-json\/wp\/v2\/types\/page"}],"author":[{"embeddable":true,"href":"https:\/\/www.red-apple.it\/en\/wp-json\/wp\/v2\/users\/2"}],"replies":[{"embeddable":true,"href":"https:\/\/www.red-apple.it\/en\/wp-json\/wp\/v2\/comments?post=25638"}],"version-history":[{"count":0,"href":"https:\/\/www.red-apple.it\/en\/wp-json\/wp\/v2\/pages\/25638\/revisions"}],"up":[{"embeddable":true,"href":"https:\/\/www.red-apple.it\/en\/wp-json\/wp\/v2\/pages\/22317"}],"wp:attachment":[{"href":"https:\/\/www.red-apple.it\/en\/wp-json\/wp\/v2\/media?parent=25638"}],"curies":[{"name":"wp","href":"https:\/\/api.w.org\/{rel}","templated":true}]}}